{"id":6,"date":"2017-07-26T00:15:32","date_gmt":"2017-07-26T00:15:32","guid":{"rendered":"http:\/\/yoursite.com\/demos\/personal\/?page_id=6"},"modified":"2019-05-06T11:46:10","modified_gmt":"2019-05-06T11:46:10","slug":"homepage-yoga","status":"publish","type":"page","link":"https:\/\/annafeldenkrais.it\/","title":{"rendered":"Homepage AnnaFeldenkrais"},"content":{"rendered":"<p>[vc_row row_type=&#8221;full_width&#8221; type=&#8221;full_screen&#8221; bg_select=&#8221;bg_parallax&#8221; parallax_speed=&#8221;0&#8243; parallax_repeat=&#8221;cover&#8221; bg_image_postions=&#8221;center center&#8221; border_color=&#8221;#eeeeee&#8221; p_top=&#8221;10%&#8221; p_bottom=&#8221;10%&#8221; parallax_img=&#8221;895&#8243;][vc_column][vc_empty_space height=&#8221;70px&#8221;]<div class=\"wbc-heading clearfix\"><div class=\"default-heading sm-responsive-text-20\" style=\"font-size:30px;color:#ffffff;text-align:center;margin-bottom:-5px;\">Il movimento \u00e8 vita. Se migliori la qualit\u00e0 dei movimenti migliori la qualit\u00e0 della vita.<\/div><\/div><div class=\"wbc-heading clearfix\"><h3 class=\"special-heading-4 xs-responsive-text-55 sm-responsive-text-70\" style=\"font-size:110px;color:#ffffff;text-align:center;margin-bottom:25px;\">Anna Barbaglio<\/h3><\/div><div class=\"wbc-heading clearfix\"><div class=\"default-heading\" style=\"font-size:17px;color:#ffffff;text-align:center;margin-bottom:5px;padding-right:15px;padding-left:15px;\">Insegnante Metodo Feldenkrais<\/div><\/div><div class=\"wbc-color-box clearfix\" style=\"text-align:center;padding-top:45px;\"><a style=\"font-size:15px;background-color:rgba(255,255,255,0.01);border-color:#ffffff;width:180px;margin-bottom:20px;margin-right:8px;margin-left:8px;padding-bottom:20px;padding-top:20px;\" class=\"wbc-button button btn-primary scrollable no-hover\" href=\"#metodo\" target=\"_self\"  >Il Metodo Feldenkrais<\/a><a style=\"font-size:15px;background-color:rgba(255,255,255,0.01);border-color:#ffffff;width:180px;margin-bottom:20px;margin-right:8px;margin-left:8px;padding-bottom:20px;padding-top:20px;\" class=\"wbc-button button btn-primary scrollable no-hover\" href=\"#chisono\" target=\"_self\"  >Chi sono<\/a><\/div>[vc_empty_space height=&#8221;80px&#8221;][\/vc_column][\/vc_row][vc_row row_type=&#8221;full_width&#8221; type=&#8221;container&#8221; bg_select=&#8221;bg_color_section&#8221; p_top=&#8221;80&#8243; p_bottom=&#8221;65&#8243; anchor=&#8221;metodo&#8221; border_color=&#8221;#f8f8f8&#8243;][vc_column]<div class=\"wbc-heading clearfix\"><h3 class=\"special-heading-2\" style=\"font-size:40px;text-align:center;margin-bottom:5px;\">Il Metodo Feldenkrais<\/h3><\/div><hr class=\"wbc-hr\" style=\"background-color:#b3cb60;width:40px;height:1px;margin-bottom:6px;margin-left:auto;margin-right:auto;\" \/><hr class=\"wbc-hr\" style=\"background-color:#b3cb60;width:110px;height:1px;margin-bottom:6px;margin-top:0px;margin-left:auto;margin-right:auto;\" \/><hr class=\"wbc-hr\" style=\"background-color:#b3cb60;width:40px;height:1px;margin-bottom:30px;margin-top:0px;margin-left:auto;margin-right:auto;\" \/><div class=\"wbc-heading clearfix\"><div class=\"default-heading\" style=\"font-size:20px;text-align:center;margin-bottom:55px;margin-right:auto;margin-left:auto;max-width:1024px;\">Il Metodo Feldenkrais\u00ae \u00e8 un sistema educativo che usa il movimento per ottenere un miglioramento funzionale nella persona.<br \/>\nIdeato dal fisico e ingegnere israeliano Mosh\u00e9 Feldenkrais, il Metodo aiuta a diventare consapevoli dei propri schemi d'azione per poter poi scoprire ulteriori possibilit\u00e0 di agire e una maggiore libert\u00e0 di scelta.<\/p>\n<p>Pu\u00f2 rivelare e cambiare le abitudini di movimento responsabili di condizioni di tensione e dolore cronico; facilita il recupero di movimenti ridotti da malattia o da trauma; pu\u00f2 anche essere usato da atleti, attori, danzatori e musicisti per migliorare le proprie prestazioni.<\/p>\n<p>Le lezioni di gruppo (CAM Consapevolezza Attraverso il Movimento\u00ae) si svolgono come un'osservazione guidata: ci si muove mentre ci si osserva dall'interno. Attraverso una sequenza di semplici movimenti ci si ascolta, si porta l'attenzione ai diversi passaggi del movimento, ritrovando il piacere di muoversi in maniera fluida ed efficace, riscoprendo nuove possibilit\u00e0 di movimento insieme a una maggiore consapevolezza di s\u00e9 e del proprio ``essere`` nel mondo.<\/div><\/div>[\/vc_column][\/vc_row][vc_row match_height=&#8221;yes&#8221; vertical_center=&#8221;yes&#8221; row_type=&#8221;full_width&#8221; type=&#8221;full_screen&#8221; bg_select=&#8221;bg_color_section&#8221; bg_color=&#8221;#b3cb60&#8243; border_color=&#8221;#eeeeee&#8221;][vc_column width=&#8221;1\/3&#8243; parallax_repeat=&#8221;cover&#8221; bg_image_postions=&#8221;center center&#8221; bg_color=&#8221;#b3cb60&#8243; parallax_img=&#8221;909&#8243;]<div class=\"wbc-color-box clearfix\" style=\"text-align:center;padding-bottom:250px;padding-right:30px;padding-top:250px;padding-left:30px;\"><div class=\"wbc-heading clearfix\"><h3 class=\"default-heading\" style=\"font-size:40px;color:#ffffff;text-align:center;margin-bottom:5px;margin-right:auto;margin-left:auto;\">Body<\/h3><\/div><div class=\"wbc-heading clearfix\"><div class=\"default-heading\" style=\"font-size:22px;color:#ffffff;text-align:center;margin-right:auto;margin-left:auto;\">Take Control<\/div><\/div><\/div>[\/vc_column][vc_column width=&#8221;1\/3&#8243; parallax_repeat=&#8221;cover&#8221; bg_image_postions=&#8221;center center&#8221; bg_color=&#8221;#9060cb&#8221; parallax_img=&#8221;900&#8243;]<div class=\"wbc-color-box clearfix\" style=\"text-align:center;padding-bottom:250px;padding-right:30px;padding-top:250px;padding-left:30px;\"><div class=\"wbc-heading clearfix\"><h3 class=\"default-heading\" style=\"font-size:40px;color:#ffffff;text-align:center;margin-bottom:5px;margin-right:auto;margin-left:auto;\">Mind<\/h3><\/div><div class=\"wbc-heading clearfix\"><div class=\"default-heading\" style=\"font-size:22px;color:#ffffff;text-align:center;margin-right:auto;margin-left:auto;\">Free Yourself<\/div><\/div><\/div>[\/vc_column][vc_column width=&#8221;1\/3&#8243; parallax_repeat=&#8221;cover&#8221; bg_image_postions=&#8221;center center&#8221; bg_color=&#8221;#60b0cb&#8221; parallax_img=&#8221;902&#8243;]<div class=\"wbc-color-box clearfix\" style=\"text-align:center;padding-bottom:250px;padding-right:30px;padding-top:250px;padding-left:30px;\"><div class=\"wbc-heading clearfix\"><h3 class=\"default-heading\" style=\"font-size:40px;color:#ffffff;text-align:center;margin-bottom:5px;margin-right:auto;margin-left:auto;\">Soul<\/h3><\/div><div class=\"wbc-heading clearfix\"><div class=\"default-heading\" style=\"font-size:22px;color:#ffffff;text-align:center;margin-right:auto;margin-left:auto;\">Positive Energy<\/div><\/div><\/div>[\/vc_column][\/vc_row][vc_row row_type=&#8221;full_width&#8221; type=&#8221;container&#8221; p_top=&#8221;80&#8243; bg_color=&#8221;#f8f8f8&#8243; p_bottom=&#8221;75&#8243; anchor=&#8221;chisono&#8221;][vc_column]<div class=\"wbc-heading clearfix\"><h3 class=\"special-heading-2\" style=\"font-size:40px;text-align:center;margin-bottom:5px;margin-right:auto;margin-left:auto;\">Chi sono<\/h3><\/div><hr class=\"wbc-hr\" style=\"background-color:#b3cb60;width:40px;height:1px;margin-bottom:6px;margin-left:auto;margin-right:auto;\" \/><hr class=\"wbc-hr\" style=\"background-color:#b3cb60;width:110px;height:1px;margin-bottom:6px;margin-top:0px;margin-left:auto;margin-right:auto;\" \/><hr class=\"wbc-hr\" style=\"background-color:#b3cb60;width:40px;height:1px;margin-bottom:30px;margin-top:0px;margin-left:auto;margin-right:auto;\" \/><div class=\"wbc-heading clearfix\"><div class=\"default-heading\" style=\"margin-bottom:40px;margin-right:auto;margin-left:auto;max-width:1024px;\"><br \/>\nAnna Barbaglio, Laureata in Scienze Politiche, indirizzo Internazionale, pugile a livello agonistico, insegnate del metodo Feldenkrais\u00ae.<\/p>\n<p>Fin da piccola ha sempre praticato attivit\u00e0 sportive-motorie, in particolare vari tipi di danza; Hip-Hop e danza del ventre (presso lo Ials), Samba (presso l\u2019Ambasciata Brasiliana) e danza Afro (con Lamine Dabo).<\/p>\n<p>A partire dal 1998 inizia a praticare pugilato a livello agonistico presso la palestra Audace Boxe ed in seguito presso la Trastevere Boxe fino al 2014. In questi anni e nei successivi ha praticato anche Brazilian Jiu-jitsu con il Mestre Rogerio Olegairo, Karate con il Maestro Valentino Ferracuti, e recentemente ha iniziato Viet Vo Dao.<\/p>\n<p>La passione per queste arti marziali la porta sempre pi\u00f9 verso uno studio approfondito del movimento e del corpo, intraprendendo cos\u00ec la formazione professionale per Insegnanti del metodo Feldenkrais\u00ae.<\/p>\n<p>Ha partecipato a numerosi seminari per affinare ed approfondire suddetto medoto;<\/p>\n<ul>\n<li>IL MOVIMENTO PELVICO, POTENZA ADDOMINALE, ENERGIA VITALE (A.M.CAPONECCHI)<\/li>\n<li>SEMINARIO \u201cJKA\u201d (JEREMY KRAUSS APPROACH ON THE WORK AT DR.FELDENKRAIS). Come facilitare lo sviluppo progressivo delle abilit\u00e0 dei bambini con bisogni speciali.<\/li>\n<li>IL PIEDE CHE SOSTIENE E SPINGE (D.SINAPI)<\/li>\n<li>LA SPINTA ATTRAVERSO LO SCHELETRO (D.SINAPI)<\/li>\n<li>ADDOMINALI SENZA DANNO (D.SINAPI)<\/li>\n<li>CERVELLO, SCHELETRO E FORZA DI GRAVITA\u2019 (D.SINAPI)<\/li>\n<li>MIGLIORARE LA POSTURA (D.SINAPI)<\/li>\n<li>SCHIENA E MOVIMENTO 1-2 (D.SINAPI)<\/li>\n<li>IL PREZIOSO GIOCO DELLE VERTEBRE (D.SINAPI)<\/li>\n<li>RIDERE CON IL FELDENKRAIS (D.SINAPI)<\/li>\n<\/ul>\n<p>Nel 2017 fonda insieme a Kira Ialongo ed Elena Mansueto, MoviMente Feldenkrais, Associazione per lo studio e lo sviluppo del Metodo Felndenkrais\u00ae.<\/p>\n<p><\/div><\/div>[\/vc_column][vc_column p_top=&#8221;40&#8243;][\/vc_column][\/vc_row][vc_row row_type=&#8221;full_width&#8221; type=&#8221;container&#8221; bg_select=&#8221;bg_parallax&#8221; parallax_speed=&#8221;4&#8243; p_top=&#8221;200&#8243; bg_color=&#8221;#f8f8f8&#8243; p_bottom=&#8221;200&#8243; font_color=&#8221;#e2e2e2&#8243; parallax_img=&#8221;897&#8243;][vc_column]<div class=\"wbc-quote-sc\"><h3 class=\"quote-title default-heading\"  style=\"color:#ffffff;\"><i class=\"fa fa-quote-left\"><\/i> Per potere arrivare al movimento giusto \u00e8 prima necessario pensare ad un movimento migliore piuttosto di quello giusto. Il movimento giusto non ha possibilit\u00e0 di crescita, quello migliore s\u00ec. Il movimento giusto rimane per sempre un limite. <i class=\"fa fa-quote-right\"><\/i><\/h3><div class=\"quote-reference\" >Moshe Feldenkrais<\/div><\/div>[\/vc_column][\/vc_row][vc_row row_type=&#8221;full_width&#8221; type=&#8221;container&#8221; bg_select=&#8221;bg_color_section&#8221; p_top=&#8221;80&#8243; p_bottom=&#8221;38&#8243; anchor=&#8221;lezioni&#8221; border_color=&#8221;#f8f8f8&#8243;][vc_column]<div class=\"wbc-heading clearfix\"><h3 class=\"special-heading-2\" style=\"font-size:40px;text-align:center;margin-bottom:5px;margin-right:auto;margin-left:auto;\">Lezioni<\/h3><\/div><hr class=\"wbc-hr\" style=\"background-color:#b3cb60;width:40px;height:1px;margin-bottom:6px;margin-left:auto;margin-right:auto;\" \/><hr class=\"wbc-hr\" style=\"background-color:#b3cb60;width:110px;height:1px;margin-bottom:6px;margin-top:0px;margin-left:auto;margin-right:auto;\" \/><hr class=\"wbc-hr\" style=\"background-color:#b3cb60;width:40px;height:1px;margin-bottom:30px;margin-top:0px;margin-left:auto;margin-right:auto;\" \/><div class=\"wbc-heading clearfix\"><div class=\"default-heading\" style=\"text-align:center;margin-bottom:40px;margin-right:auto;margin-left:auto;max-width:640px;\"><\/div><\/div>[\/vc_column][vc_column width=&#8221;1\/4&#8243; content_align=&#8221;text-center&#8221;]<div class=\"wbc-icon-box clearfix icon-center\" style=\"margin-bottom:40px;\"><div class=\"wbc-icon-wrapper icon-background icon-circle\" style=\"border-color:#0e4f82;\"><span class=\"wbc-icon\" style=\"font-size:50px;background-color:#0e4f82;border-color:#0e4f82;\"><i class=\"wbc-font-icon et-icon-profile-female\"><\/i><\/span><\/div>\n<div class=\"wbc-box-content\"><h4 >Chi<\/h4><p>Il Feldenkrais \u00e8 rivolto a persone di tutte le et\u00e0.<\/p>\n<\/div><\/div>[\/vc_column][vc_column width=&#8221;1\/4&#8243; content_align=&#8221;text-center&#8221;]<div class=\"wbc-icon-box clearfix icon-center\" style=\"margin-bottom:40px;\"><div class=\"wbc-icon-wrapper icon-background icon-circle\" style=\"border-color:#0e4f82;\"><span class=\"wbc-icon\" style=\"font-size:50px;background-color:#0e4f82;border-color:#0e4f82;\"><i class=\"wbc-font-icon et-icon-calendar\"><\/i><\/span><\/div>\n<div class=\"wbc-box-content\"><h4 >Quando<\/h4><p>Lezioni su prenotazione dal Luned\u00ec al Sabato.<\/p>\n<\/div><\/div>[\/vc_column][vc_column width=&#8221;1\/4&#8243; content_align=&#8221;text-center&#8221;]<div class=\"wbc-icon-box clearfix icon-center\" style=\"margin-bottom:40px;\"><div class=\"wbc-icon-wrapper icon-background icon-circle\" style=\"border-color:#0e4f82;\"><span class=\"wbc-icon\" style=\"font-size:50px;background-color:#0e4f82;border-color:#0e4f82;\"><i class=\"wbc-font-icon et-icon-map\"><\/i><\/span><\/div>\n<div class=\"wbc-box-content\"><h4 >Dove<\/h4><p>Le lezioni saranno svolte zona Roma Centro &#8211; Trastevere.<\/p>\n<\/div><\/div>[\/vc_column][vc_column width=&#8221;1\/4&#8243;]<div class=\"wbc-icon-box clearfix icon-center\" style=\"margin-bottom:40px;\"><div class=\"wbc-icon-wrapper icon-background icon-circle\" style=\"border-color:#0e4f82;\"><span class=\"wbc-icon\" style=\"font-size:50px;background-color:#0e4f82;border-color:#0e4f82;\"><i class=\"wbc-font-icon et-icon-magnifying-glass\"><\/i><\/span><\/div>\n<div class=\"wbc-box-content\"><h4 >Cosa<\/h4><p>Le lezioni possono essere Individuali, Semi-Individuali o di Gruppo.<\/p>\n<\/div><\/div>[\/vc_column][\/vc_row][vc_row row_type=&#8221;full_width&#8221; type=&#8221;container&#8221; bg_select=&#8221;bg_parallax&#8221; parallax_speed=&#8221;4&#8243; p_top=&#8221;200&#8243; bg_color=&#8221;#f8f8f8&#8243; p_bottom=&#8221;200&#8243; font_color=&#8221;#e2e2e2&#8243; parallax_img=&#8221;903&#8243;][vc_column]<div class=\"wbc-heading clearfix\"><div class=\"default-heading\" style=\"font-size:14px;text-align:center;margin-bottom:20px;margin-right:auto;margin-left:auto;max-width:1024px;\">Mosh\u00e8 Feldenkrais nacque nel 1904 in Russia, ed emigr\u00f2 adolescente in Palestina. L\u00ec si guadagn\u00f2 da vivere lavorando nel settore edile e dando ripetizioni. Era un appassionato giocatore di calcio e praticava lo Jiu-Jitsu (una forma di difesa non armata).<br \/>\nNel 1928 si trasfer\u00ec a Parigi per studiare ingegneria meccanica ed elettronica. Consegu\u00ec un dottorato di fisica applicata alla Sorbona, e collabor\u00f2 con Fr\u00e9d\u00e9ric Joliot-Curie nella ricerca nucleare. Nello stesso tempo su incarico del professor Jigoro Kano, fond\u00f2 lo Judo Club de Paris e ottenne nel 1936, primo in Europa la cintura nera, 2\u00b0 dan. Inizi\u00f2 ad insegnare Judo e a scrivere libri sull\u2019argomento.<br \/>\nNel 1940, per fuggire dai tedeschi che avevano invaso la Francia, Feldenkrais si trasfer\u00ec da Parigi in Inghilterra. In seguito in Scozia lavor\u00f2 per gli Alleati nella ricerca sui sistemi di determinazione della posizione dei sottomarini. Inoltre tenne delle conferenze scientifiche e dette lezioni di Judo. In questo periodo si aggrav\u00f2 una vecchia lesione alle ginocchia risalente al periodo in cui giocava a calcio. In quei tempi le prospettive date da un\u2019 operazione erano ancora poco promettenti.<br \/>\nFeldenkrais cominci\u00f2 a sperimentare su se stesso; studiava i propri movimenti corporei e affinava sistematicamente la propria sensibilit\u00e0 cinestetica. Cos\u00ec insegn\u00f2 a se stesso un po' alla volta, a camminare in un modo nuovo, efficace e indolore. Il successo di questa auto-educazione condusse Feldenkrais a mettere alla prova le proprie scoperte nella cerchia dei conoscenti, e infine a svilupparne un metodo d\u2019apprendimento.<br \/>\nNel 1951 Feldenkrais ritorn\u00f2 in Israele. Cominci\u00f2 a lavorare come direttore del reparto elettronico delle Forze Armate israeliane. Presto per\u00f2 si dedic\u00f2 esclusivamente al tema dell\u2019apprendimento. Si occup\u00f2 del rapporto tra evoluzione umana, apprendimento e movimento. Nel far questo si trov\u00f2 nelle vesti di ricercatore, praticante, insegnante e studente. Aspirava ad un superamento del pensare per opposti (teoria-pratica; corpo-mente; tradizione occidentale-tradizione orientale).<br \/>\nNel 1968 egli dette inizio al suo primo Corso di Formazione in Israele. Seguirono altri due corsi negli Stati Uniti. Dalla prima met\u00e0 degli anni Settanta il lavoro di Feldenkrais ottenne un riconoscimento internazionale.<br \/>\nFeldenkrais mor\u00ec in Israele nel 1984.<\/div><\/div>[\/vc_column][\/vc_row][vc_row][vc_column][vc_video link=&#8221;https:\/\/www.facebook.com\/movimente.feldenkrais\/videos\/374817843133221?s=100010788914254&amp;v=e&amp;sfns=cwmo&#8221; el_width=&#8221;90&#8243; align=&#8221;center&#8221; title=&#8221;Piedi in mano e&#8230;trottolare!!! Buona domenica a tutti!!!&#8221;][\/vc_column][\/vc_row]<\/p>\n","protected":false},"excerpt":{"rendered":"<p>[vc_row row_type=&#8221;full_width&#8221; type=&#8221;full_screen&#8221; bg_select=&#8221;bg_parallax&#8221; parallax_speed=&#8221;0&#8243; parallax_repeat=&#8221;cover&#8221; bg_image_postions=&#8221;center center&#8221; border_color=&#8221;#eeeeee&#8221; p_top=&#8221;10%&#8221; p_bottom=&#8221;10%&#8221; parallax_img=&#8221;895&#8243;][vc_column][vc_empty_space height=&#8221;70px&#8221;][vc_empty_space height=&#8221;80px&#8221;][\/vc_column][\/vc_row][vc_row row_type=&#8221;full_width&#8221; type=&#8221;container&#8221; bg_select=&#8221;bg_color_section&#8221; p_top=&#8221;80&#8243; p_bottom=&#8221;65&#8243; anchor=&#8221;metodo&#8221; border_color=&#8221;#f8f8f8&#8243;][vc_column][\/vc_column][\/vc_row][vc_row match_height=&#8221;yes&#8221; vertical_center=&#8221;yes&#8221; row_type=&#8221;full_width&#8221; type=&#8221;full_screen&#8221; bg_select=&#8221;bg_color_section&#8221; bg_color=&#8221;#b3cb60&#8243; border_color=&#8221;#eeeeee&#8221;][vc_column width=&#8221;1\/3&#8243; parallax_repeat=&#8221;cover&#8221; bg_image_postions=&#8221;center center&#8221; bg_color=&#8221;#b3cb60&#8243; parallax_img=&#8221;909&#8243;][\/vc_column][vc_column width=&#8221;1\/3&#8243; parallax_repeat=&#8221;cover&#8221; bg_image_postions=&#8221;center center&#8221; bg_color=&#8221;#9060cb&#8221; parallax_img=&#8221;900&#8243;][\/vc_column][vc_column width=&#8221;1\/3&#8243; parallax_repeat=&#8221;cover&#8221; bg_image_postions=&#8221;center center&#8221; bg_color=&#8221;#60b0cb&#8221; parallax_img=&#8221;902&#8243;][\/vc_column][\/vc_row][vc_row row_type=&#8221;full_width&#8221; type=&#8221;container&#8221; p_top=&#8221;80&#8243; bg_color=&#8221;#f8f8f8&#8243; p_bottom=&#8221;75&#8243; anchor=&#8221;chisono&#8221;][vc_column][\/vc_column][vc_column p_top=&#8221;40&#8243;][\/vc_column][\/vc_row][vc_row row_type=&#8221;full_width&#8221; type=&#8221;container&#8221; [&hellip;]<\/p>\n","protected":false},"author":1,"featured_media":0,"parent":0,"menu_order":0,"comment_status":"closed","ping_status":"closed","template":"template-page-full.php","meta":{"footnotes":""},"class_list":["post-6","page","type-page","status-publish","hentry"],"_links":{"self":[{"href":"https:\/\/annafeldenkrais.it\/index.php?rest_route=\/wp\/v2\/pages\/6","targetHints":{"allow":["GET"]}}],"collection":[{"href":"https:\/\/annafeldenkrais.it\/index.php?rest_route=\/wp\/v2\/pages"}],"about":[{"href":"https:\/\/annafeldenkrais.it\/index.php?rest_route=\/wp\/v2\/types\/page"}],"author":[{"embeddable":true,"href":"https:\/\/annafeldenkrais.it\/index.php?rest_route=\/wp\/v2\/users\/1"}],"replies":[{"embeddable":true,"href":"https:\/\/annafeldenkrais.it\/index.php?rest_route=%2Fwp%2Fv2%2Fcomments&post=6"}],"version-history":[{"count":42,"href":"https:\/\/annafeldenkrais.it\/index.php?rest_route=\/wp\/v2\/pages\/6\/revisions"}],"predecessor-version":[{"id":924,"href":"https:\/\/annafeldenkrais.it\/index.php?rest_route=\/wp\/v2\/pages\/6\/revisions\/924"}],"wp:attachment":[{"href":"https:\/\/annafeldenkrais.it\/index.php?rest_route=%2Fwp%2Fv2%2Fmedia&parent=6"}],"curies":[{"name":"wp","href":"https:\/\/api.w.org\/{rel}","templated":true}]}}